{"id":3485,"date":"2023-07-10T14:51:10","date_gmt":"2023-07-10T14:51:10","guid":{"rendered":"https:\/\/www.flexis.sk\/?page_id=3485"},"modified":"2024-06-26T12:43:36","modified_gmt":"2024-06-26T12:43:36","slug":"projekt","status":"publish","type":"page","link":"https:\/\/www.flexis.sk\/en\/projekt\/","title":{"rendered":"Projekt EnviroWeb"},"content":{"rendered":"<p><section data-bb-version=\"4.6.1\" id=\"bt_bb_section69e1378c32f91\" class=\"bt_bb_section bt_bb_layout_boxed_1500 bt_bb_full_screen bt_bb_vertical_align_top bt_bb_top_spacing_extra_large bt_bb_bottom_spacing_extra_small\"  data-bt-override-class=\"{&quot;bt_bb_top_spacing_&quot;:{&quot;current_class&quot;:&quot;bt_bb_top_spacing_extra_large&quot;,&quot;def&quot;:&quot;extra_large&quot;},&quot;bt_bb_bottom_spacing_&quot;:{&quot;current_class&quot;:&quot;bt_bb_bottom_spacing_extra_small&quot;,&quot;def&quot;:&quot;extra_small&quot;}}\"><div class=\"bt_bb_port\"><div class=\"bt_bb_cell\"><div class=\"bt_bb_cell_inner\"><div class=\"bt_bb_row\"  data-bt-override-class=\"{}\"><div class=\"bt_bb_row_holder\" ><div  class=\"bt_bb_column col-xl-12 col-xs-12 col-sm-12 col-md-12 col-lg-12 bt_bb_align_left bt_bb_vertical_align_top bt_bb_padding_normal\"  data-width=\"12\" data-bt-override-class=\"{}\"><div class=\"bt_bb_column_content\"><div data-bb-version=\"5.0.1\" class=\"bt_bb_image bt_bb_shape_square bt_bb_target_blank bt_bb_align_inherit bt_bb_hover_style_simple bt_bb_content_display_always bt_bb_content_align_middle\" data-bt-override-class=\"{&quot;bt_bb_align_&quot;:{&quot;current_class&quot;:&quot;bt_bb_align_inherit&quot;,&quot;def&quot;:&quot;inherit&quot;},&quot;bt_bb_content_display_&quot;:{&quot;current_class&quot;:&quot;bt_bb_content_display_always&quot;,&quot;def&quot;:&quot;always&quot;}}\"><a href=\"https:\/\/enviroweb.sk\/\"  target=\"_blank\" title=\"FLEX-IS_Enviroport\u00e1l\"><img loading=\"lazy\" decoding=\"async\" width=\"1585\" height=\"1123\" src=\"https:\/\/www.flexis.sk\/wp-content\/uploads\/2024\/06\/FLEX-IS_Informacia-na-web_v4.png\" class=\"attachment-full size-full\" alt=\"https:\/\/www.flexis.sk\/wp-content\/uploads\/2024\/06\/FLEX-IS_Informacia-na-web_v4.png\" data-full_image_src=\"https:\/\/www.flexis.sk\/wp-content\/uploads\/2024\/06\/FLEX-IS_Informacia-na-web_v4.png\" title=\"FLEX-IS_Enviroport\u00e1l\" srcset=\"https:\/\/www.flexis.sk\/wp-content\/uploads\/2024\/06\/FLEX-IS_Informacia-na-web_v4.png 1585w, https:\/\/www.flexis.sk\/wp-content\/uploads\/2024\/06\/FLEX-IS_Informacia-na-web_v4-640x453.png 640w, https:\/\/www.flexis.sk\/wp-content\/uploads\/2024\/06\/FLEX-IS_Informacia-na-web_v4-1280x907.png 1280w, https:\/\/www.flexis.sk\/wp-content\/uploads\/2024\/06\/FLEX-IS_Informacia-na-web_v4-768x544.png 768w, https:\/\/www.flexis.sk\/wp-content\/uploads\/2024\/06\/FLEX-IS_Informacia-na-web_v4-1536x1088.png 1536w, https:\/\/www.flexis.sk\/wp-content\/uploads\/2024\/06\/FLEX-IS_Informacia-na-web_v4-18x12.png 18w, https:\/\/www.flexis.sk\/wp-content\/uploads\/2024\/06\/FLEX-IS_Informacia-na-web_v4-320x227.png 320w\" sizes=\"auto, (max-width: 1585px) 100vw, 1585px\" \/><\/a><\/div><\/div><\/div><\/div><\/div><\/div><!-- cell_inner --><\/div><!-- cell --><\/div><!-- port --><\/section><section data-bb-version=\"4.6.1\" id=\"bt_bb_section69e1378c3362f\" class=\"bt_bb_section bt_bb_layout_boxed_1500 bt_bb_vertical_align_top bt_bb_top_spacing_extra_small bt_bb_bottom_spacing_normal\"  data-bt-override-class=\"{&quot;bt_bb_top_spacing_&quot;:{&quot;current_class&quot;:&quot;bt_bb_top_spacing_extra_small&quot;,&quot;def&quot;:&quot;extra_small&quot;},&quot;bt_bb_bottom_spacing_&quot;:{&quot;current_class&quot;:&quot;bt_bb_bottom_spacing_normal&quot;,&quot;def&quot;:&quot;normal&quot;}}\"><div class=\"bt_bb_port\"><div class=\"bt_bb_cell\"><div class=\"bt_bb_cell_inner\"><div data-bb-version=\"4.6.1\" class=\"bt_bb_row\"  data-bt-override-class=\"{}\"><div class=\"bt_bb_row_holder\" ><div data-bb-version=\"4.6.1\"  class=\"bt_bb_column col-xl-12 col-xs-12 col-sm-12 col-md-12 col-lg-12 bt_bb_align_left bt_bb_vertical_align_top bt_bb_padding_normal\"  data-width=\"12\" data-bt-override-class=\"{}\"><div class=\"bt_bb_column_content\"><div data-bb-version=\"4.6.1\"  class=\"bt_bb_text\" ><\/p>\n<p><strong>\u010eal\u0161ie inform\u00e1cie o projekte <a href=\"https:\/\/enviroweb.sk\/\" target=\"_blank\" rel=\"noopener\">EnviroWeb &#8211; webov\u00fd port\u00e1l environment\u00e1lnych z\u00e1\u0165a\u017e\u00ed<\/a>:<\/strong><\/p>\n<p><strong>Zmluva o poskytnut\u00ed nen\u00e1vratn\u00e9ho finan\u010dn\u00e9ho pr\u00edspevku:\u00a0 <a href=\"https:\/\/www.crz.gov.sk\/zmluva\/7985584\/\">https:\/\/www.crz.gov.sk\/zmluva\/7985584\/<\/a><\/strong><\/p>\n<p class=\"page__title\"><strong>Dodatok \u010d. 1 k zmluve: \u00a0<a href=\"https:\/\/www.crz.gov.sk\/zmluva\/8235846\/\">https:\/\/www.crz.gov.sk\/zmluva\/8235846\/<\/a><\/strong><\/p>\n<p><strong>Viac inform\u00e1ci\u00ed o projekte n\u00e1jdete aj na\u00a0<a href=\"http:\/\/www.itms2014.sk\/\">www.itms2014.sk<\/a><\/strong><\/p>\n<p><strong>K\u00f3d projektu v syst\u00e9me ITMS2014+: <a href=\"https:\/\/www.itms2014.sk\/projekt?id=1f4b8567-5c8c-4086-b40c-86bb0a148106\">311071CTR7<\/a><\/strong><\/p>\n<p>Inform\u00e1cie o Opera\u010dnom programe Integrovan\u00e1 infra\u0161trukt\u00fara 2014 \u2013 2020 n\u00e1jdete na\u00a0<a href=\"http:\/\/www.opii.gov.sk.\/\">www.opii.gov.sk.<\/a><\/p>\n<p>\u010eal\u0161ie inform\u00e1cie aj na\u00a0<a href=\"http:\/\/www.opvai.sk\/\">www.opvai.sk.<\/a><\/p>\n<p>\n<\/div><\/div><\/div><\/div><\/div><\/div><!-- cell_inner --><\/div><!-- cell --><\/div><!-- port --><\/section><\/p>","protected":false},"excerpt":{"rendered":"","protected":false},"author":1,"featured_media":2317,"parent":0,"menu_order":0,"comment_status":"closed","ping_status":"closed","template":"","meta":{"footnotes":""},"class_list":["post-3485","page","type-page","status-publish","has-post-thumbnail","hentry"],"_links":{"self":[{"href":"https:\/\/www.flexis.sk\/en\/wp-json\/wp\/v2\/pages\/3485","targetHints":{"allow":["GET"]}}],"collection":[{"href":"https:\/\/www.flexis.sk\/en\/wp-json\/wp\/v2\/pages"}],"about":[{"href":"https:\/\/www.flexis.sk\/en\/wp-json\/wp\/v2\/types\/page"}],"author":[{"embeddable":true,"href":"https:\/\/www.flexis.sk\/en\/wp-json\/wp\/v2\/users\/1"}],"replies":[{"embeddable":true,"href":"https:\/\/www.flexis.sk\/en\/wp-json\/wp\/v2\/comments?post=3485"}],"version-history":[{"count":25,"href":"https:\/\/www.flexis.sk\/en\/wp-json\/wp\/v2\/pages\/3485\/revisions"}],"predecessor-version":[{"id":3491,"href":"https:\/\/www.flexis.sk\/en\/wp-json\/wp\/v2\/pages\/3485\/revisions\/3491"}],"wp:featuredmedia":[{"embeddable":true,"href":"https:\/\/www.flexis.sk\/en\/wp-json\/wp\/v2\/media\/2317"}],"wp:attachment":[{"href":"https:\/\/www.flexis.sk\/en\/wp-json\/wp\/v2\/media?parent=3485"}],"curies":[{"name":"wp","href":"https:\/\/api.w.org\/{rel}","templated":true}]}}