{"id":29,"date":"2019-08-29T11:42:33","date_gmt":"2019-08-29T11:42:33","guid":{"rendered":"http:\/\/codiqa.bold-themes.com\/software-team\/?page_id=29"},"modified":"2023-04-25T12:07:02","modified_gmt":"2023-04-25T12:07:02","slug":"historia-flexis","status":"publish","type":"page","link":"https:\/\/www.flexis.sk\/en\/historia-flexis\/","title":{"rendered":"History"},"content":{"rendered":"<section id=\"bt_bb_section69f8984216f19\" class=\"bt_bb_section bt_bb_layout_boxed_1200 bt_bb_vertical_align_top bt_bb_top_spacing_extra_large bt_bb_bottom_spacing_extra_large bt_bb_section_allow_content_outside\" style=\"background-position:right 72%;background-size:auto;\" data-bt-override-class=\"null\"><div class=\"bt_bb_background_image_holder_wrapper\"><div class=\"bt_bb_background_image_holder btLazyLoadBackground\"  data-background_image_src=\"https:\/\/www.flexis.sk\/wp-content\/uploads\/2019\/09\/bgn-dots.png\" data-parallax-zoom-start=\"1\" data-parallax-zoom-end=\"1\" data-parallax-blur-start=\"0\" data-parallax-blur-end=\"0\" data-parallax-opacity-start=\"1\" data-parallax-opacity-end=\"1\" style=\" background-image: url(&#039;https:\/\/www.flexis.sk\/wp-content\/plugins\/bold-page-builder\/img\/blank.gif&#039;);\"><\/div><\/div><div class=\"bt_bb_port\"><div class=\"bt_bb_cell\"><div class=\"bt_bb_cell_inner\"><div class=\"bt_bb_row\"  data-bt-override-class=\"{}\"><div class=\"bt_bb_row_holder\" ><div  class=\"bt_bb_column col-xl-3 bt_bb_align_left bt_bb_vertical_align_top bt_bb_padding_normal\"  data-width=\"3\" data-bt-override-class=\"{}\"><div class=\"bt_bb_column_content\"><\/div><\/div><div  class=\"bt_bb_column col-xl-6 bt_bb_align_center bt_bb_vertical_align_top bt_bb_animation_fade_in zoom_out animate bt_bb_padding_normal\"  data-width=\"6\" data-bt-override-class=\"{}\"><div class=\"bt_bb_column_content\"><header class=\"bt_bb_headline bt_bb_dash_none bt_bb_size_medium bt_bb_align_inherit\" data-bt-override-class=\"{}\"><h3 style=\"font-size:3.125em\" class=\"bt_bb_headline_tag\"><span class=\"bt_bb_headline_content\"><span><u>Brief history<\/u><br \/><br \/>\n<b>of FLEX-IS, spol. s r.o.<\/b><\/span><\/span><\/h3><\/header><div class=\"bt_bb_separator bt_bb_border_style_none bt_bb_bottom_spacing_normal\" data-bt-override-class=\"null\"><\/div><div  class=\"bt_bb_text\" ><\/p>\n<p>FLEX-IS sa slovenskom informatickom trhu nepriamo z\u00fa\u010dast\u0148uje od roku 1992 ako software-house a konzultantsk\u00e1 firma pracuj\u00faca z\u00e1kazkovo pre obchodn\u00e9 organiz\u00e1cie.<\/p>\n<p>\n<\/div><div class=\"bt_bb_separator bt_bb_border_style_none bt_bb_top_spacing_small bt_bb_bottom_spacing_normal\" data-bt-override-class=\"null\"><\/div><\/div><\/div><div  class=\"bt_bb_column col-xl-3 bt_bb_align_left bt_bb_vertical_align_top bt_bb_padding_normal\"  data-width=\"3\" data-bt-override-class=\"{}\"><div class=\"bt_bb_column_content\"><\/div><\/div><\/div><\/div><div class=\"bt_bb_row\"  data-bt-override-class=\"{}\"><div class=\"bt_bb_row_holder\" ><div  class=\"bt_bb_column col-xl-12 bt_bb_align_left bt_bb_vertical_align_top bt_bb_padding_normal\"  data-width=\"12\" data-bt-override-class=\"{}\"><div class=\"bt_bb_column_content\"><div class=\"bt_bb_step_line\"><div class=\"bt_bb_inner_step\"><div class=\"bt_bb_inner_step_content bt_bb_animation_fade_in animate\"><div class=\"bt_bb_inner_step_content_holder\"><div class=\"bt_bb_inner_step_content_holder_sleeve\"><h3 class=\"bt_bb_inner_step_title\">1992<\/h3><div class=\"bt_bb_inner_step_inner_content\"><header class=\"bt_bb_headline bt_bb_dash_top bt_bb_size_extrasmall bt_bb_align_inherit\" data-bt-override-class=\"{}\">\n<h4 class=\"bt_bb_headline_tag\"><span class=\"bt_bb_headline_content\"><span>personal entity, subcontractor software house <\/span><\/span><\/h4>\n<\/header>\n<div class=\"bt_bb_separator bt_bb_border_style_none bt_bb_top_spacing_normal bt_bb_bottom_spacing_small\" data-bt-override-class=\"null\"><\/div>\n<div class=\"bt_bb_icon bt_bb_style_lightoutline bt_bb_size_large bt_bb_shape_circle bt_bb_target_self bt_bb_text_empty bt_bb_align_inherit\" data-bt-override-class=\"{}\"><span  data-ico-businessmotivation=\"&#xe90c;\" class=\"bt_bb_icon_holder\"><\/span><\/div>\n<\/div><\/div><\/div><\/div><\/div><div class=\"bt_bb_inner_step\"><div class=\"bt_bb_inner_step_content bt_bb_animation_fade_in animate\"><div class=\"bt_bb_inner_step_content_holder\"><div class=\"bt_bb_inner_step_content_holder_sleeve\"><h3 class=\"bt_bb_inner_step_title\">1995<\/h3><div class=\"bt_bb_inner_step_inner_content\"><header class=\"bt_bb_headline bt_bb_dash_none bt_bb_size_extrasmall bt_bb_align_inherit\" data-bt-override-class=\"{&quot;bt_bb_size_&quot;:{&quot;current_class&quot;:&quot;bt_bb_size_extrasmall&quot;,&quot;def&quot;:&quot;extrasmall&quot;,&quot;xl&quot;:&quot;extrasmall&quot;},&quot;bt_bb_align_&quot;:{&quot;current_class&quot;:&quot;bt_bb_align_inherit&quot;,&quot;def&quot;:&quot;inherit&quot;,&quot;xl&quot;:&quot;inherit&quot;}}\">\n<h4 class=\"bt_bb_headline_tag\"><span class=\"bt_bb_headline_content\"><span>establishment of FLEX-IS, s.r.o.<\/span><\/span><\/h4>\n<\/header>\n<div class=\"bt_bb_separator bt_bb_border_style_none bt_bb_top_spacing_normal bt_bb_bottom_spacing_small\" data-bt-override-class=\"null\"><\/div>\n<div class=\"bt_bb_icon bt_bb_style_lightoutline bt_bb_size_large bt_bb_shape_circle bt_bb_target_self bt_bb_text_empty bt_bb_align_inherit\" data-bt-override-class=\"{&quot;bt_bb_size_&quot;:{&quot;current_class&quot;:&quot;bt_bb_size_large&quot;,&quot;def&quot;:&quot;large&quot;,&quot;xl&quot;:&quot;large&quot;},&quot;bt_bb_align_&quot;:{&quot;current_class&quot;:&quot;bt_bb_align_inherit&quot;,&quot;def&quot;:&quot;inherit&quot;,&quot;xl&quot;:&quot;inherit&quot;}}\"><span  data-ico-business=\"&#xf14a;\" class=\"bt_bb_icon_holder\"><\/span><\/div>\n<\/div><\/div><\/div><\/div><\/div><div class=\"bt_bb_inner_step\"><div class=\"bt_bb_inner_step_content bt_bb_animation_fade_in animate\"><div class=\"bt_bb_inner_step_content_holder\"><div class=\"bt_bb_inner_step_content_holder_sleeve\"><h3 class=\"bt_bb_inner_step_title\">1996<\/h3><div class=\"bt_bb_inner_step_inner_content\"><header class=\"bt_bb_headline bt_bb_dash_none bt_bb_size_small bt_bb_align_inherit\" data-bt-override-class=\"{&quot;bt_bb_size_&quot;:{&quot;current_class&quot;:&quot;bt_bb_size_small&quot;,&quot;def&quot;:&quot;small&quot;,&quot;xl&quot;:&quot;small&quot;},&quot;bt_bb_align_&quot;:{&quot;current_class&quot;:&quot;bt_bb_align_inherit&quot;,&quot;def&quot;:&quot;inherit&quot;,&quot;xl&quot;:&quot;inherit&quot;}}\">\n<h4 class=\"bt_bb_headline_tag\"><span class=\"bt_bb_headline_content\"><span>FlexStore - the first original product based on MS-DOS \/ file-server <\/span><\/span><\/h4>\n<\/header>\n<div class=\"bt_bb_separator bt_bb_border_style_none bt_bb_top_spacing_normal bt_bb_bottom_spacing_small\" data-bt-override-class=\"null\"><\/div>\n<div class=\"bt_bb_icon bt_bb_style_lightoutline bt_bb_size_large bt_bb_shape_circle bt_bb_target_self bt_bb_text_empty bt_bb_align_inherit\" data-bt-override-class=\"{&quot;bt_bb_size_&quot;:{&quot;current_class&quot;:&quot;bt_bb_size_large&quot;,&quot;def&quot;:&quot;large&quot;,&quot;xl&quot;:&quot;large&quot;},&quot;bt_bb_align_&quot;:{&quot;current_class&quot;:&quot;bt_bb_align_inherit&quot;,&quot;def&quot;:&quot;inherit&quot;,&quot;xl&quot;:&quot;inherit&quot;}}\"><span  data-ico-datamanagement=\"&#xe902;\" class=\"bt_bb_icon_holder\"><\/span><\/div>\n<\/div><\/div><\/div><\/div><\/div><div class=\"bt_bb_inner_step\"><div class=\"bt_bb_inner_step_content bt_bb_animation_fade_in animate\"><div class=\"bt_bb_inner_step_content_holder\"><div class=\"bt_bb_inner_step_content_holder_sleeve\"><h3 class=\"bt_bb_inner_step_title\">1999<\/h3><div class=\"bt_bb_inner_step_inner_content\"><header class=\"bt_bb_headline bt_bb_dash_none bt_bb_size_small bt_bb_align_inherit\" data-bt-override-class=\"{&quot;bt_bb_size_&quot;:{&quot;current_class&quot;:&quot;bt_bb_size_small&quot;,&quot;def&quot;:&quot;small&quot;,&quot;xl&quot;:&quot;small&quot;},&quot;bt_bb_align_&quot;:{&quot;current_class&quot;:&quot;bt_bb_align_inherit&quot;,&quot;def&quot;:&quot;inherit&quot;,&quot;xl&quot;:&quot;inherit&quot;}}\">\n<h4 class=\"bt_bb_headline_tag\"><span class=\"bt_bb_headline_content\"><span>Flex2001 - a comprehensive economic information system on Windows \/ client-server architecture<\/span><\/span><\/h4>\n<\/header>\n<div class=\"bt_bb_separator bt_bb_border_style_none bt_bb_top_spacing_normal bt_bb_bottom_spacing_small\" data-bt-override-class=\"null\"><\/div>\n<div class=\"bt_bb_icon bt_bb_style_lightoutline bt_bb_size_large bt_bb_shape_circle bt_bb_target_self bt_bb_text_empty bt_bb_align_inherit\" data-bt-override-class=\"{&quot;bt_bb_size_&quot;:{&quot;current_class&quot;:&quot;bt_bb_size_large&quot;,&quot;def&quot;:&quot;large&quot;,&quot;xl&quot;:&quot;large&quot;},&quot;bt_bb_align_&quot;:{&quot;current_class&quot;:&quot;bt_bb_align_inherit&quot;,&quot;def&quot;:&quot;inherit&quot;,&quot;xl&quot;:&quot;inherit&quot;}}\"><span  data-ico-datamanagement=\"&#xe904;\" class=\"bt_bb_icon_holder\"><\/span><\/div>\n<\/div><\/div><\/div><\/div><\/div><div class=\"bt_bb_inner_step\"><div class=\"bt_bb_inner_step_content bt_bb_animation_fade_in animate\"><div class=\"bt_bb_inner_step_content_holder\"><div class=\"bt_bb_inner_step_content_holder_sleeve\"><h3 class=\"bt_bb_inner_step_title\">2000<\/h3><div class=\"bt_bb_inner_step_inner_content\"><header class=\"bt_bb_headline bt_bb_dash_none bt_bb_size_small bt_bb_align_inherit\" data-bt-override-class=\"{&quot;bt_bb_size_&quot;:{&quot;current_class&quot;:&quot;bt_bb_size_small&quot;,&quot;def&quot;:&quot;small&quot;,&quot;xl&quot;:&quot;small&quot;},&quot;bt_bb_align_&quot;:{&quot;current_class&quot;:&quot;bt_bb_align_inherit&quot;,&quot;def&quot;:&quot;inherit&quot;,&quot;xl&quot;:&quot;inherit&quot;}}\">\n<h4 class=\"bt_bb_headline_tag\"><span class=\"bt_bb_headline_content\"><span>Flex2001m - extension for the implementation of selected activities on portable devices<\/span><\/span><\/h4>\n<\/header>\n<div class=\"bt_bb_separator bt_bb_border_style_none bt_bb_top_spacing_normal bt_bb_bottom_spacing_small\" data-bt-override-class=\"null\"><\/div>\n<div class=\"bt_bb_icon bt_bb_style_lightoutline bt_bb_size_large bt_bb_shape_circle bt_bb_target_self bt_bb_text_empty bt_bb_align_inherit\" data-bt-override-class=\"{&quot;bt_bb_size_&quot;:{&quot;current_class&quot;:&quot;bt_bb_size_large&quot;,&quot;def&quot;:&quot;large&quot;,&quot;xl&quot;:&quot;large&quot;},&quot;bt_bb_align_&quot;:{&quot;current_class&quot;:&quot;bt_bb_align_inherit&quot;,&quot;def&quot;:&quot;inherit&quot;,&quot;xl&quot;:&quot;inherit&quot;}}\"><span  data-ico-fontawesome5solid=\"&#xf109;\" class=\"bt_bb_icon_holder\"><\/span><\/div>\n<\/div><\/div><\/div><\/div><div class=\"bt_bb_inner_step_image bt_bb_animation_fade_in animate\"><div class=\"bt_bb_image\" data-bt-override-class=\"{}\"><span><img fetchpriority=\"high\" decoding=\"async\" width=\"640\" height=\"427\" src=\"https:\/\/www.flexis.sk\/wp-content\/uploads\/2021\/02\/laptop-computer-5804574_640.png\" class=\"attachment-medium size-medium\" alt=\"https:\/\/www.flexis.sk\/wp-content\/uploads\/2021\/02\/laptop-computer-5804574_640.png\" data-full_image_src=\"https:\/\/www.flexis.sk\/wp-content\/uploads\/2021\/02\/laptop-computer-5804574_640.png\" title=\"laptop-computer-5804574_640\" loading=\"eager\" srcset=\"https:\/\/www.flexis.sk\/wp-content\/uploads\/2021\/02\/laptop-computer-5804574_640.png 640w, https:\/\/www.flexis.sk\/wp-content\/uploads\/2021\/02\/laptop-computer-5804574_640-320x214.png 320w\" sizes=\"(max-width: 640px) 100vw, 640px\" \/><\/span><\/div><\/div><\/div><div class=\"bt_bb_inner_step\"><div class=\"bt_bb_inner_step_content bt_bb_animation_fade_in animate\"><div class=\"bt_bb_inner_step_content_holder\"><div class=\"bt_bb_inner_step_content_holder_sleeve\"><h3 class=\"bt_bb_inner_step_title\">2003<\/h3><div class=\"bt_bb_inner_step_inner_content\"><header class=\"bt_bb_headline bt_bb_dash_none bt_bb_size_small bt_bb_align_inherit\" data-bt-override-class=\"{&quot;bt_bb_size_&quot;:{&quot;current_class&quot;:&quot;bt_bb_size_small&quot;,&quot;def&quot;:&quot;small&quot;,&quot;xl&quot;:&quot;small&quot;},&quot;bt_bb_align_&quot;:{&quot;current_class&quot;:&quot;bt_bb_align_inherit&quot;,&quot;def&quot;:&quot;inherit&quot;,&quot;xl&quot;:&quot;inherit&quot;}}\">\n<h4 class=\"bt_bb_headline_tag\"><span class=\"bt_bb_headline_content\"><span>FlexG3 development started<\/span><\/span><\/h4>\n<\/header>\n<div class=\"bt_bb_separator bt_bb_border_style_none bt_bb_top_spacing_normal bt_bb_bottom_spacing_small\" data-bt-override-class=\"null\"><\/div>\n<div class=\"bt_bb_icon bt_bb_style_lightoutline bt_bb_size_large bt_bb_shape_circle bt_bb_target_self bt_bb_text_empty bt_bb_align_inherit\" data-bt-override-class=\"{&quot;bt_bb_size_&quot;:{&quot;current_class&quot;:&quot;bt_bb_size_large&quot;,&quot;def&quot;:&quot;large&quot;,&quot;xl&quot;:&quot;large&quot;},&quot;bt_bb_align_&quot;:{&quot;current_class&quot;:&quot;bt_bb_align_inherit&quot;,&quot;def&quot;:&quot;inherit&quot;,&quot;xl&quot;:&quot;inherit&quot;}}\"><span  data-ico-artificialintelligence=\"&#xe90b;\" class=\"bt_bb_icon_holder\"><\/span><\/div>\n<\/div><\/div><\/div><\/div><\/div><div class=\"bt_bb_inner_step\"><div class=\"bt_bb_inner_step_content bt_bb_animation_fade_in animate\"><div class=\"bt_bb_inner_step_content_holder\"><div class=\"bt_bb_inner_step_content_holder_sleeve\"><h3 class=\"bt_bb_inner_step_title\">2004<\/h3><div class=\"bt_bb_inner_step_inner_content\"><header class=\"bt_bb_headline bt_bb_dash_none bt_bb_size_small bt_bb_align_inherit\" data-bt-override-class=\"{&quot;bt_bb_size_&quot;:{&quot;current_class&quot;:&quot;bt_bb_size_small&quot;,&quot;def&quot;:&quot;small&quot;,&quot;xl&quot;:&quot;small&quot;},&quot;bt_bb_align_&quot;:{&quot;current_class&quot;:&quot;bt_bb_align_inherit&quot;,&quot;def&quot;:&quot;inherit&quot;,&quot;xl&quot;:&quot;inherit&quot;}}\">\n<h4 class=\"bt_bb_headline_tag\"><span class=\"bt_bb_headline_content\"><span>FlexG3 - information system based on a thin client<\/span><\/span><\/h4>\n<\/header>\n<\/div><\/div><\/div><\/div><\/div><div class=\"bt_bb_inner_step\"><div class=\"bt_bb_inner_step_content bt_bb_animation_fade_in animate\"><div class=\"bt_bb_inner_step_content_holder\"><div class=\"bt_bb_inner_step_content_holder_sleeve\"><h3 class=\"bt_bb_inner_step_title\">2006<\/h3><div class=\"bt_bb_inner_step_inner_content\"><header class=\"bt_bb_headline bt_bb_dash_none bt_bb_size_small bt_bb_align_inherit\" data-bt-override-class=\"{&quot;bt_bb_size_&quot;:{&quot;current_class&quot;:&quot;bt_bb_size_small&quot;,&quot;def&quot;:&quot;small&quot;,&quot;xl&quot;:&quot;small&quot;},&quot;bt_bb_align_&quot;:{&quot;current_class&quot;:&quot;bt_bb_align_inherit&quot;,&quot;def&quot;:&quot;inherit&quot;,&quot;xl&quot;:&quot;inherit&quot;}}\">\n<h4 class=\"bt_bb_headline_tag\"><span class=\"bt_bb_headline_content\"><span>FlexONE - economic information system for small and medium-sized customers provided in the form of lease<\/span><\/span><\/h4>\n<\/header>\n<div class=\"bt_bb_separator bt_bb_border_style_none bt_bb_top_spacing_normal bt_bb_bottom_spacing_small\" data-bt-override-class=\"null\"><\/div>\n<div class=\"bt_bb_icon bt_bb_style_lightoutline bt_bb_size_large bt_bb_shape_circle bt_bb_target_self bt_bb_text_empty bt_bb_align_inherit\" data-bt-override-class=\"{&quot;bt_bb_size_&quot;:{&quot;current_class&quot;:&quot;bt_bb_size_large&quot;,&quot;def&quot;:&quot;large&quot;,&quot;xl&quot;:&quot;large&quot;},&quot;bt_bb_align_&quot;:{&quot;current_class&quot;:&quot;bt_bb_align_inherit&quot;,&quot;def&quot;:&quot;inherit&quot;,&quot;xl&quot;:&quot;inherit&quot;}}\"><span  data-ico-businessmotivation=\"&#xe90f;\" class=\"bt_bb_icon_holder\"><\/span><\/div>\n<\/div><\/div><\/div><\/div><\/div><div class=\"bt_bb_inner_step\"><div class=\"bt_bb_inner_step_content bt_bb_animation_fade_in animate\"><div class=\"bt_bb_inner_step_content_holder\"><div class=\"bt_bb_inner_step_content_holder_sleeve\"><h3 class=\"bt_bb_inner_step_title\">2008<\/h3><div class=\"bt_bb_inner_step_inner_content\"><header class=\"bt_bb_headline bt_bb_dash_none bt_bb_size_small bt_bb_align_inherit\" data-bt-override-class=\"{&quot;bt_bb_size_&quot;:{&quot;current_class&quot;:&quot;bt_bb_size_small&quot;,&quot;def&quot;:&quot;small&quot;,&quot;xl&quot;:&quot;small&quot;},&quot;bt_bb_align_&quot;:{&quot;current_class&quot;:&quot;bt_bb_align_inherit&quot;,&quot;def&quot;:&quot;inherit&quot;,&quot;xl&quot;:&quot;inherit&quot;}}\">\n<h4 class=\"bt_bb_headline_tag\"><span class=\"bt_bb_headline_content\"><span>the company moved to its own new premises<\/span><\/span><\/h4>\n<\/header>\n<\/div><\/div><\/div><\/div><div class=\"bt_bb_inner_step_image bt_bb_animation_fade_in animate\"><div class=\"bt_bb_image\" data-bt-override-class=\"{}\"><span><img decoding=\"async\" width=\"640\" height=\"427\" src=\"https:\/\/www.flexis.sk\/wp-content\/uploads\/2020\/10\/30_rokov_na_trhu_Flexis-640x427.png\" class=\"attachment-medium size-medium\" alt=\"https:\/\/www.flexis.sk\/wp-content\/uploads\/2020\/10\/30_rokov_na_trhu_Flexis-640x427.png\" data-full_image_src=\"https:\/\/www.flexis.sk\/wp-content\/uploads\/2020\/10\/30_rokov_na_trhu_Flexis.png\" title=\"30_rokov_na_trhu_Flexis\" loading=\"eager\" srcset=\"https:\/\/www.flexis.sk\/wp-content\/uploads\/2020\/10\/30_rokov_na_trhu_Flexis-640x427.png 640w, https:\/\/www.flexis.sk\/wp-content\/uploads\/2020\/10\/30_rokov_na_trhu_Flexis-1280x854.png 1280w, https:\/\/www.flexis.sk\/wp-content\/uploads\/2020\/10\/30_rokov_na_trhu_Flexis-768x512.png 768w, https:\/\/www.flexis.sk\/wp-content\/uploads\/2020\/10\/30_rokov_na_trhu_Flexis-1536x1025.png 1536w, https:\/\/www.flexis.sk\/wp-content\/uploads\/2020\/10\/30_rokov_na_trhu_Flexis-320x213.png 320w, https:\/\/www.flexis.sk\/wp-content\/uploads\/2020\/10\/30_rokov_na_trhu_Flexis.png 2006w\" sizes=\"(max-width: 640px) 100vw, 640px\" \/><\/span><\/div><\/div><\/div><div class=\"bt_bb_inner_step\"><div class=\"bt_bb_inner_step_content bt_bb_animation_fade_in animate\"><div class=\"bt_bb_inner_step_content_holder\"><div class=\"bt_bb_inner_step_content_holder_sleeve\"><h3 class=\"bt_bb_inner_step_title\">2013<\/h3><div class=\"bt_bb_inner_step_inner_content\"><header class=\"bt_bb_headline bt_bb_dash_none bt_bb_size_small bt_bb_align_inherit\" data-bt-override-class=\"{&quot;bt_bb_size_&quot;:{&quot;current_class&quot;:&quot;bt_bb_size_small&quot;,&quot;def&quot;:&quot;small&quot;,&quot;xl&quot;:&quot;small&quot;},&quot;bt_bb_align_&quot;:{&quot;current_class&quot;:&quot;bt_bb_align_inherit&quot;,&quot;def&quot;:&quot;inherit&quot;,&quot;xl&quot;:&quot;inherit&quot;}}\">\n<h4 class=\"bt_bb_headline_tag\"><span class=\"bt_bb_headline_content\"><span>introduced the new core of the FlexG3 system - Sakura<\/span><\/span><\/h4>\n<\/header>\n<\/div><\/div><\/div><\/div><\/div><div class=\"bt_bb_inner_step\" style=\"margin-top:100;\"><div class=\"bt_bb_inner_step_content bt_bb_animation_fade_in animate\"><div class=\"bt_bb_inner_step_content_holder\"><div class=\"bt_bb_inner_step_content_holder_sleeve\"><h3 class=\"bt_bb_inner_step_title\">2017<\/h3><div class=\"bt_bb_inner_step_inner_content\"><header class=\"bt_bb_headline bt_bb_dash_none bt_bb_size_small bt_bb_align_inherit\" data-bt-override-class=\"{&quot;bt_bb_size_&quot;:{&quot;current_class&quot;:&quot;bt_bb_size_small&quot;,&quot;def&quot;:&quot;small&quot;,&quot;xl&quot;:&quot;small&quot;},&quot;bt_bb_align_&quot;:{&quot;current_class&quot;:&quot;bt_bb_align_inherit&quot;,&quot;def&quot;:&quot;inherit&quot;,&quot;xl&quot;:&quot;inherit&quot;}}\">\n<h4 class=\"bt_bb_headline_tag\"><span class=\"bt_bb_headline_content\"><span>FlexG4 \/ Katana development started<\/span><\/span><\/h4>\n<\/header>\n<\/div><\/div><\/div><\/div><\/div><div class=\"bt_bb_inner_step\"><div class=\"bt_bb_inner_step_content bt_bb_animation_fade_in animate\"><div class=\"bt_bb_inner_step_content_holder\"><div class=\"bt_bb_inner_step_content_holder_sleeve\"><h3 class=\"bt_bb_inner_step_title\">2020<\/h3><div class=\"bt_bb_inner_step_inner_content\"><header class=\"bt_bb_headline bt_bb_dash_none bt_bb_size_small bt_bb_align_inherit\" data-bt-override-class=\"{&quot;bt_bb_size_&quot;:{&quot;current_class&quot;:&quot;bt_bb_size_small&quot;,&quot;def&quot;:&quot;small&quot;,&quot;xl&quot;:&quot;small&quot;},&quot;bt_bb_align_&quot;:{&quot;current_class&quot;:&quot;bt_bb_align_inherit&quot;,&quot;def&quot;:&quot;inherit&quot;,&quot;xl&quot;:&quot;inherit&quot;}}\">\n<h4 class=\"bt_bb_headline_tag\"><span class=\"bt_bb_headline_content\"><span>introduced FlexG4 \/ Katana<\/span><\/span><\/h4>\n<\/header>\n<\/div><\/div><\/div><\/div><div class=\"bt_bb_inner_step_image bt_bb_animation_fade_in animate\"><div class=\"bt_bb_image\" data-bt-override-class=\"{}\"><span><img decoding=\"async\" width=\"640\" height=\"441\" src=\"https:\/\/www.flexis.sk\/wp-content\/uploads\/2021\/02\/Ekonomicky-System-Katana-Macbook-Hero_2-640x441.png\" class=\"attachment-medium size-medium\" alt=\"https:\/\/www.flexis.sk\/wp-content\/uploads\/2021\/02\/Ekonomicky-System-Katana-Macbook-Hero_2-640x441.png\" data-full_image_src=\"https:\/\/www.flexis.sk\/wp-content\/uploads\/2021\/02\/Ekonomicky-System-Katana-Macbook-Hero_2.png\" title=\"Ekonomicky-System-Katana-Macbook-Hero_2\" loading=\"eager\" srcset=\"https:\/\/www.flexis.sk\/wp-content\/uploads\/2021\/02\/Ekonomicky-System-Katana-Macbook-Hero_2-640x441.png 640w, https:\/\/www.flexis.sk\/wp-content\/uploads\/2021\/02\/Ekonomicky-System-Katana-Macbook-Hero_2-1280x883.png 1280w, https:\/\/www.flexis.sk\/wp-content\/uploads\/2021\/02\/Ekonomicky-System-Katana-Macbook-Hero_2-768x530.png 768w, https:\/\/www.flexis.sk\/wp-content\/uploads\/2021\/02\/Ekonomicky-System-Katana-Macbook-Hero_2-320x221.png 320w, https:\/\/www.flexis.sk\/wp-content\/uploads\/2021\/02\/Ekonomicky-System-Katana-Macbook-Hero_2.png 1405w\" sizes=\"(max-width: 640px) 100vw, 640px\" \/><\/span><\/div><\/div><\/div><\/div><\/div><\/div><\/div><\/div><\/div><!-- cell_inner --><\/div><!-- cell --><\/div><!-- port --><\/section>","protected":false},"excerpt":{"rendered":"<p>Appropriately empower dynamic leadership skills after business portals. Globally myocardinate interactive supply chains with distinctive quality vectors. Globally revolutionize global sources through interoperable services.<\/p>","protected":false},"author":4,"featured_media":2305,"parent":0,"menu_order":0,"comment_status":"closed","ping_status":"closed","template":"","meta":{"footnotes":""},"class_list":["post-29","page","type-page","status-publish","has-post-thumbnail","hentry"],"_links":{"self":[{"href":"https:\/\/www.flexis.sk\/en\/wp-json\/wp\/v2\/pages\/29","targetHints":{"allow":["GET"]}}],"collection":[{"href":"https:\/\/www.flexis.sk\/en\/wp-json\/wp\/v2\/pages"}],"about":[{"href":"https:\/\/www.flexis.sk\/en\/wp-json\/wp\/v2\/types\/page"}],"author":[{"embeddable":true,"href":"https:\/\/www.flexis.sk\/en\/wp-json\/wp\/v2\/users\/4"}],"replies":[{"embeddable":true,"href":"https:\/\/www.flexis.sk\/en\/wp-json\/wp\/v2\/comments?post=29"}],"version-history":[{"count":63,"href":"https:\/\/www.flexis.sk\/en\/wp-json\/wp\/v2\/pages\/29\/revisions"}],"predecessor-version":[{"id":3425,"href":"https:\/\/www.flexis.sk\/en\/wp-json\/wp\/v2\/pages\/29\/revisions\/3425"}],"wp:featuredmedia":[{"embeddable":true,"href":"https:\/\/www.flexis.sk\/en\/wp-json\/wp\/v2\/media\/2305"}],"wp:attachment":[{"href":"https:\/\/www.flexis.sk\/en\/wp-json\/wp\/v2\/media?parent=29"}],"curies":[{"name":"wp","href":"https:\/\/api.w.org\/{rel}","templated":true}]}}